{"id":63,"date":"2015-08-10T21:21:46","date_gmt":"2015-08-10T19:21:46","guid":{"rendered":"http:\/\/127.0.0.1\/wordpress\/?page_id=63"},"modified":"2015-08-10T21:21:46","modified_gmt":"2015-08-10T19:21:46","slug":"2-hund-von-der-siegerstrasse","status":"publish","type":"page","link":"https:\/\/www.siegerstrasse.at\/?page_id=63","title":{"rendered":"&#8222;Kira&#8220; von der Siegerstrasse"},"content":{"rendered":"<p>Meine zuk\u00fcnftige Zuchth\u00fcndin!<\/p>\n<p><a href=\"http:\/\/www.working-dog.eu\/dogs-details\/2618267\/Kira-von-der-Siegerstrasse\" target=\"_blank\">Stammbaum &#8222;Kira&#8220; von der Siegerstra\u00dfe bei Working-Dog.eu<\/a><\/p>\n","protected":false},"excerpt":{"rendered":"<p>Meine zuk\u00fcnftige Zuchth\u00fcndin! Stammbaum &#8222;Kira&#8220; von der Siegerstra\u00dfe bei Working-Dog.eu<\/p>\n","protected":false},"author":3,"featured_media":0,"parent":74,"menu_order":0,"comment_status":"closed","ping_status":"closed","template":"page-feature-sidebar.php","meta":{"kt_blocks_editor_width":"","footnotes":""},"_links":{"self":[{"href":"https:\/\/www.siegerstrasse.at\/index.php?rest_route=\/wp\/v2\/pages\/63"}],"collection":[{"href":"https:\/\/www.siegerstrasse.at\/index.php?rest_route=\/wp\/v2\/pages"}],"about":[{"href":"https:\/\/www.siegerstrasse.at\/index.php?rest_route=\/wp\/v2\/types\/page"}],"author":[{"embeddable":true,"href":"https:\/\/www.siegerstrasse.at\/index.php?rest_route=\/wp\/v2\/users\/3"}],"replies":[{"embeddable":true,"href":"https:\/\/www.siegerstrasse.at\/index.php?rest_route=%2Fwp%2Fv2%2Fcomments&post=63"}],"version-history":[{"count":0,"href":"https:\/\/www.siegerstrasse.at\/index.php?rest_route=\/wp\/v2\/pages\/63\/revisions"}],"up":[{"embeddable":true,"href":"https:\/\/www.siegerstrasse.at\/index.php?rest_route=\/wp\/v2\/pages\/74"}],"wp:attachment":[{"href":"https:\/\/www.siegerstrasse.at\/index.php?rest_route=%2Fwp%2Fv2%2Fmedia&parent=63"}],"curies":[{"name":"wp","href":"https:\/\/api.w.org\/{rel}","templated":true}]}}