{"id":109,"date":"2015-08-10T22:16:33","date_gmt":"2015-08-10T20:16:33","guid":{"rendered":"http:\/\/127.0.0.1\/wordpress\/?page_id=109"},"modified":"2015-08-10T22:16:33","modified_gmt":"2015-08-10T20:16:33","slug":"meradog","status":"publish","type":"page","link":"https:\/\/www.siegerstrasse.at\/?page_id=109","title":{"rendered":"Meradog"},"content":{"rendered":"<p><span style=\"color: #000000;\">F\u00fcr eine gesunde Ern\u00e4hrung meiner Hunde setze ich auf die Produkte von Meradog.<br \/>\n<\/span><\/p>\n<p><span style=\"color: #000000;\">Die Produkte von Meradog k\u00f6nnen \u00fcber mich bezogen werden. F\u00fcr Fragen stehe ich gerne zur Verf\u00fcgung.<\/span><\/p>\n<p><span style=\"color: #ff0000;\"><strong><a href=\"http:\/\/www.meradog.at\/\" target=\"_blank\">Weitere Infomationen zu Meradog<\/a><br \/>\n<\/strong><\/span><\/p>\n","protected":false},"excerpt":{"rendered":"<p>F\u00fcr eine gesunde Ern\u00e4hrung meiner Hunde setze ich auf die Produkte von Meradog. Die Produkte von Meradog k\u00f6nnen \u00fcber mich bezogen werden. F\u00fcr Fragen stehe ich gerne zur Verf\u00fcgung. Weitere Infomationen zu Meradog<\/p>\n","protected":false},"author":3,"featured_media":0,"parent":222,"menu_order":0,"comment_status":"closed","ping_status":"closed","template":"page-feature-sidebar.php","meta":{"kt_blocks_editor_width":"","footnotes":""},"_links":{"self":[{"href":"https:\/\/www.siegerstrasse.at\/index.php?rest_route=\/wp\/v2\/pages\/109"}],"collection":[{"href":"https:\/\/www.siegerstrasse.at\/index.php?rest_route=\/wp\/v2\/pages"}],"about":[{"href":"https:\/\/www.siegerstrasse.at\/index.php?rest_route=\/wp\/v2\/types\/page"}],"author":[{"embeddable":true,"href":"https:\/\/www.siegerstrasse.at\/index.php?rest_route=\/wp\/v2\/users\/3"}],"replies":[{"embeddable":true,"href":"https:\/\/www.siegerstrasse.at\/index.php?rest_route=%2Fwp%2Fv2%2Fcomments&post=109"}],"version-history":[{"count":0,"href":"https:\/\/www.siegerstrasse.at\/index.php?rest_route=\/wp\/v2\/pages\/109\/revisions"}],"up":[{"embeddable":true,"href":"https:\/\/www.siegerstrasse.at\/index.php?rest_route=\/wp\/v2\/pages\/222"}],"wp:attachment":[{"href":"https:\/\/www.siegerstrasse.at\/index.php?rest_route=%2Fwp%2Fv2%2Fmedia&parent=109"}],"curies":[{"name":"wp","href":"https:\/\/api.w.org\/{rel}","templated":true}]}}